{"id":195,"date":"2018-02-07T10:07:27","date_gmt":"2018-02-07T09:07:27","guid":{"rendered":"http:\/\/www.noewitaler.at\/wp\/?page_id=195"},"modified":"2020-06-16T16:18:39","modified_gmt":"2020-06-16T14:18:39","slug":"grias-eich","status":"publish","type":"page","link":"http:\/\/www.noewitaler.at\/wp\/grias-eich\/","title":{"rendered":"Gria\u00df eich!"},"content":{"rendered":"<p style=\"text-align: center;\"><b><u>N\u00f6wis\u00a0 &#8211;\u00a0&#8222;Music from Austria, not Australia &#8211; no kangaroos!&#8220;<\/u>\u00a0 <\/b><\/p>\n<p style=\"text-align: center;\"><b>sind eine schwungvolle Formation f\u00fcr alle Anl\u00e4sse und Feste, die durch Livemusik\u00a0Ihre Veranstaltungen\u00a0noch beeindruckender und unvergessen\u00a0machen. Wir sind mit Herz und Seele beim Musizieren und bringen diese Freude an der Musik auch an Ihr Publikum. <\/b><\/p>\n<p style=\"text-align: center;\"><strong>Egal ob Hochzeit, Firmenfeier, Ball, 5 Uhr Tee, D\u00e4mmerschoppen, Fr\u00fchschoppen, Zeltfeste, Geburtstagsfeier, Taufe, Seniorentanz, Polterabend, Scheidung, Exekution, Konkursverfahren, Er\u00f6ffnung von Hackschnitzelanlagen, und und und &#8211; mit uns haben sie immer die richtige Livemusik gew\u00e4hlt.<\/strong><\/p>\n<p style=\"text-align: center;\"><strong>Unser Repertoire spannt sich von der Moderne, Rock and roll, Pop, Country, Schlager, Welthits, Almdudler und Austropop bis hin zu den golden Oldies. Gerne nehmen wir auch Ihre pers\u00f6nlichen Musikw\u00fcnsche in unser Programm auf.\u00a0<\/strong><\/p>\n<p style=\"text-align: center;\"><strong>Mit unserer hochwertigen PA und Instrumentierung erreichen wir auch mit leisen Kl\u00e4ngen gef\u00fchlvoll jedes Ohr.<\/strong><\/p>\n<p style=\"text-align: center;\"><strong>Wir freuen uns auch Ihre Veranstaltung zu begleiten!\u00a0\u00a0\u00a0\u00a0\u00a0\u00a0\u00a0\u00a0\u00a0\u00a0 <\/strong><\/p>\n","protected":false},"excerpt":{"rendered":"<p>N\u00f6wis\u00a0 &#8211;\u00a0&#8222;Music from Austria, not Australia &#8211; no kangaroos!&#8220;\u00a0 sind eine schwungvolle Formation f\u00fcr alle Anl\u00e4sse und Feste, die durch Livemusik\u00a0Ihre Veranstaltungen\u00a0noch beeindruckender und unvergessen\u00a0machen. Wir sind mit Herz und Seele beim Musizieren und bringen diese Freude an der Musik auch an Ihr Publikum. Egal ob Hochzeit, Firmenfeier, Ball, 5 Uhr Tee, D\u00e4mmerschoppen, Fr\u00fchschoppen, Zeltfeste,&hellip;<a href=\"http:\/\/www.noewitaler.at\/wp\/grias-eich\/\" class=\"button\">Weiterlesen <span class=\"screen-reader-text\">Gria\u00df eich!<\/span><\/a><\/p>\n","protected":false},"author":2,"featured_media":276,"parent":0,"menu_order":0,"comment_status":"closed","ping_status":"closed","template":"templates\/fullwidth-page.php","meta":{"footnotes":""},"class_list":["post-195","page","type-page","status-publish","has-post-thumbnail","hentry"],"_links":{"self":[{"href":"http:\/\/www.noewitaler.at\/wp\/wp-json\/wp\/v2\/pages\/195","targetHints":{"allow":["GET"]}}],"collection":[{"href":"http:\/\/www.noewitaler.at\/wp\/wp-json\/wp\/v2\/pages"}],"about":[{"href":"http:\/\/www.noewitaler.at\/wp\/wp-json\/wp\/v2\/types\/page"}],"author":[{"embeddable":true,"href":"http:\/\/www.noewitaler.at\/wp\/wp-json\/wp\/v2\/users\/2"}],"replies":[{"embeddable":true,"href":"http:\/\/www.noewitaler.at\/wp\/wp-json\/wp\/v2\/comments?post=195"}],"version-history":[{"count":16,"href":"http:\/\/www.noewitaler.at\/wp\/wp-json\/wp\/v2\/pages\/195\/revisions"}],"predecessor-version":[{"id":406,"href":"http:\/\/www.noewitaler.at\/wp\/wp-json\/wp\/v2\/pages\/195\/revisions\/406"}],"wp:featuredmedia":[{"embeddable":true,"href":"http:\/\/www.noewitaler.at\/wp\/wp-json\/wp\/v2\/media\/276"}],"wp:attachment":[{"href":"http:\/\/www.noewitaler.at\/wp\/wp-json\/wp\/v2\/media?parent=195"}],"curies":[{"name":"wp","href":"https:\/\/api.w.org\/{rel}","templated":true}]}}